{"id":379,"date":"2023-05-11T08:03:07","date_gmt":"2023-05-11T08:03:07","guid":{"rendered":"https:\/\/carmennievesinteriorista.com\/?page_id=379"},"modified":"2026-02-12T18:40:12","modified_gmt":"2026-02-12T17:40:12","slug":"proyectos","status":"publish","type":"page","link":"https:\/\/carmennievesinteriorista.com\/?page_id=379","title":{"rendered":"Proyectos"},"content":{"rendered":"<p>[et_pb_section fb_built=\u00bb1&#8243; _builder_version=\u00bb4.20.0&#8243; _module_preset=\u00bbdefault\u00bb custom_padding=\u00bb0px||2px|0px||\u00bb global_colors_info=\u00bb{}\u00bb][et_pb_row column_structure=\u00bb1_3,1_3,1_3&#8243; _builder_version=\u00bb4.20.0&#8243; _module_preset=\u00bbdefault\u00bb transform_translate=\u00bb25px|0px\u00bb transform_translate_linked=\u00bboff\u00bb width=\u00bb90.1%\u00bb min_height=\u00bb378.2px\u00bb custom_margin=\u00bb|114px||5px||\u00bb custom_padding=\u00bb18px|21px||||\u00bb global_colors_info=\u00bb{}\u00bb][et_pb_column type=\u00bb1_3&#8243; _builder_version=\u00bb4.20.0&#8243; _module_preset=\u00bbdefault\u00bb global_colors_info=\u00bb{}\u00bb][et_pb_blurb title=\u00bbNEBULA\u00bb url=\u00bbhttps:\/\/carmennievesinteriorista.com\/?project=proyecto-vivienda\u00bb image=\u00bbhttps:\/\/carmennievesinteriorista.com\/wp-content\/uploads\/2025\/05\/pb.png\u00bb content_max_width=\u00bb578px\u00bb _builder_version=\u00bb4.20.0&#8243; _module_preset=\u00bbdefault\u00bb header_font=\u00bbMontserrat||||||||\u00bb body_font=\u00bbMontserrat||||||||\u00bb body_text_color=\u00bb#000000&#8243; body_font_size=\u00bb12px\u00bb transform_scale_linked=\u00bboff\u00bb width=\u00bb99.7%\u00bb custom_padding=\u00bb||23px|||\u00bb global_colors_info=\u00bb{}\u00bb]<\/p>\n<p style=\"text-align: justify;\">Una n\u00e9bula es una nube de polvo en el sistema solar que forma estrellas. El nuevo dise\u00f1o del avi\u00f3n Airbus 380 es tan c\u00f3modo como una nube y crea tantas experiencias como estrellas crean las n\u00e9bulas.<\/p>\n<p>[\/et_pb_blurb][et_pb_blurb title=\u00bbCon PuLso\u00bb url=\u00bbhttps:\/\/carmennievesinteriorista.com\/?project=escaparatismo\u00bb image=\u00bbhttps:\/\/carmennievesinteriorista.com\/wp-content\/uploads\/2025\/06\/FACHADA-NOCHE.jpg\u00bb _builder_version=\u00bb4.20.0&#8243; _module_preset=\u00bbdefault\u00bb header_font=\u00bbMontserrat||||||||\u00bb header_text_color=\u00bb#000000&#8243; body_font=\u00bbMontserrat||||||||\u00bb body_text_color=\u00bb#000000&#8243; body_font_size=\u00bb12px\u00bb text_orientation=\u00bbjustified\u00bb custom_margin=\u00bb51px|||||\u00bb custom_padding=\u00bb0px|||||\u00bb global_colors_info=\u00bb{}\u00bb]<\/p>\n<p>Esta policl\u00ednica ofrece servicios de pediatr\u00eda, logoped\u00eda y cardiolog\u00eda infantil. Su dise\u00f1o gira en torno al movimiento del coraz\u00f3n y el recorrido de la sangre a trav\u00e9s de \u00e9l.<\/p>\n<p>[\/et_pb_blurb][\/et_pb_column][et_pb_column type=\u00bb1_3&#8243; _builder_version=\u00bb4.20.0&#8243; _module_preset=\u00bbdefault\u00bb global_colors_info=\u00bb{}\u00bb][et_pb_blurb title=\u00bbCONTRA VIENTO Y MAREA\u00bb url=\u00bbhttps:\/\/carmennievesinteriorista.com\/?project=escenografia\u00bb image=\u00bbhttps:\/\/carmennievesinteriorista.com\/wp-content\/uploads\/2025\/05\/IMAGEN-FINAL-4-1.jpg\u00bb _builder_version=\u00bb4.20.0&#8243; _module_preset=\u00bbdefault\u00bb header_font=\u00bbMontserrat||||||||\u00bb header_text_color=\u00bb#000000&#8243; header_font_size=\u00bb18px\u00bb body_font=\u00bbMontserrat||||||||\u00bb body_text_color=\u00bb#000000&#8243; body_font_size=\u00bb12px\u00bb transform_scale=\u00bb90%|90%\u00bb transform_translate=\u00bb-60px|0px\u00bb transform_translate_linked=\u00bboff\u00bb custom_margin=\u00bb-12px|-73px|29px|35px||\u00bb inline_fonts=\u00bbMontserrat\u00bb global_colors_info=\u00bb{}\u00bb]<\/p>\n<p style=\"text-align: justify;\">Me propusieron dise\u00f1ar un bungalow y un glamping adaptados para toda la costa espa\u00f1ola.<\/p>\n<p style=\"text-align: justify;\">Por ello, bas\u00e1ndome en elementos presentes del entorno mar\u00edtimo, defino la forma y la materialidad de nuestro proyecto, inspir\u00e1ndome principalmente en los veleros del siglo XV.<\/p>\n<p>[\/et_pb_blurb][et_pb_blurb title=\u00bbNECROSIS\u00bb url=\u00bbhttps:\/\/carmennievesinteriorista.com\/?project=necrosis\u00bb image=\u00bbhttps:\/\/carmennievesinteriorista.com\/wp-content\/uploads\/2025\/11\/imagen-2.jpg\u00bb _builder_version=\u00bb4.20.0&#8243; _module_preset=\u00bbdefault\u00bb header_font=\u00bbMontserrat||||||||\u00bb header_text_color=\u00bb#000000&#8243; header_font_size=\u00bb18px\u00bb body_font=\u00bbMontserrat||||||||\u00bb body_text_color=\u00bb#000000&#8243; body_font_size=\u00bb13px\u00bb transform_scale=\u00bb90%|90%\u00bb transform_translate=\u00bb-60px|0px\u00bb transform_translate_linked=\u00bboff\u00bb min_height=\u00bb369.3px\u00bb custom_margin=\u00bb-18px|-73px||35px||\u00bb inline_fonts=\u00bbMontserrat\u00bb global_colors_info=\u00bb{}\u00bb]<\/p>\n<p style=\"text-align: justify;\">Necrosis es una instalaci\u00f3n ef\u00edmera inspirada en la flor violeta amarilla, s\u00edmbolo de la p\u00e9rdida de la vegetaci\u00f3n aut\u00f3ctona de Granada a causa del cambio clim\u00e1tico.<\/p>\n<p>[\/et_pb_blurb][\/et_pb_column][et_pb_column type=\u00bb1_3&#8243; _builder_version=\u00bb4.20.0&#8243; _module_preset=\u00bbdefault\u00bb global_colors_info=\u00bb{}\u00bb][et_pb_blurb title=\u00bbFOTI\u00c1\u00bb url=\u00bbhttps:\/\/carmennievesinteriorista.com\/?project=fotia\u00bb image=\u00bbhttps:\/\/carmennievesinteriorista.com\/wp-content\/uploads\/2025\/05\/cocina.jpg\u00bb _builder_version=\u00bb4.20.0&#8243; _module_preset=\u00bbdefault\u00bb header_font=\u00bbMontserrat||||||||\u00bb header_text_color=\u00bb#000000&#8243; body_font=\u00bbMontserrat||||||||\u00bb body_text_color=\u00bb#000000&#8243; body_font_size=\u00bb12px\u00bb transform_translate_linked=\u00bboff\u00bb width=\u00bb100%\u00bb custom_margin=\u00bb8px|3px|65px|0px||\u00bb custom_padding=\u00bb|0px||0px||\u00bb hover_enabled=\u00bb0&#8243; global_colors_info=\u00bb{}\u00bb sticky_enabled=\u00bb0&#8243;]<\/p>\n<p style=\"text-align: justify;\">El concepto de esta propuesta est\u00e1 basado en un elemento natural como es el fuego. \u00c9ste reunia a la gente antiguamente para compartir nuevas experiencias entre ellos, a dem\u00e1s de aportar sus principales funciones como son el calor y la luz.<\/p>\n<p>[\/et_pb_blurb][et_pb_blurb title=\u00bbMAR DE PERLAS\u00bb url=\u00bbhttps:\/\/carmennievesinteriorista.com\/?project=vivienda-minima\u00bb image=\u00bbhttps:\/\/carmennievesinteriorista.com\/wp-content\/uploads\/2026\/01\/6-render-pasillo-1.jpg\u00bb _builder_version=\u00bb4.20.0&#8243; _module_preset=\u00bbdefault\u00bb header_font=\u00bbMontserrat||||||||\u00bb header_text_color=\u00bb#000000&#8243; body_font=\u00bbMontserrat||||||||\u00bb body_text_color=\u00bb#000000&#8243; body_font_size=\u00bb12px\u00bb transform_translate_linked=\u00bboff\u00bb width=\u00bb100%\u00bb min_height=\u00bb310.7px\u00bb custom_margin=\u00bb8px|3px||0px||\u00bb custom_padding=\u00bb|0px||0px||\u00bb locked=\u00bboff\u00bb global_colors_info=\u00bb{}\u00bb]<\/p>\n<p style=\"text-align: justify;\">Este stand para FITUR propone una experiencia inmersiva inspirada en la quisquilla de Motril, conectando gastronom\u00eda, fauna y cultura local.<\/p>\n<p>[\/et_pb_blurb][\/et_pb_column][\/et_pb_row][\/et_pb_section]<\/p>\n","protected":false},"excerpt":{"rendered":"<p>Una n\u00e9bula es una nube de polvo en el sistema solar que forma estrellas. El nuevo dise\u00f1o del avi\u00f3n Airbus 380 es tan c\u00f3modo como una nube y crea tantas experiencias como estrellas crean las n\u00e9bulas.Esta policl\u00ednica ofrece servicios de pediatr\u00eda, logoped\u00eda y cardiolog\u00eda infantil. Su dise\u00f1o gira en torno al movimiento del coraz\u00f3n y [&hellip;]<\/p>\n","protected":false},"author":54,"featured_media":525,"parent":0,"menu_order":0,"comment_status":"closed","ping_status":"closed","template":"","meta":{"_et_pb_use_builder":"on","_et_pb_old_content":"","_et_gb_content_width":"","footnotes":""},"class_list":["post-379","page","type-page","status-publish","has-post-thumbnail","hentry"],"yoast_head":"<!-- This site is optimized with the Yoast SEO plugin v20.6 - https:\/\/yoast.com\/wordpress\/plugins\/seo\/ -->\n<title>Proyectos de interiorismo - Escuela Arte Granada<\/title>\n<meta name=\"description\" content=\"Estos son algunos de los proyectos m\u00e1s interesantes que he realizado durante mi curso en Escuela Arte Granada.\" \/>\n<meta name=\"robots\" content=\"index, follow, max-snippet:-1, max-image-preview:large, max-video-preview:-1\" \/>\n<link rel=\"canonical\" href=\"https:\/\/carmennievesinteriorista.com\/?page_id=379\" \/>\n<meta property=\"og:locale\" content=\"es_ES\" \/>\n<meta property=\"og:type\" content=\"article\" \/>\n<meta property=\"og:title\" content=\"Proyectos de interiorismo - Escuela Arte Granada\" \/>\n<meta property=\"og:description\" content=\"Estos son algunos de los proyectos m\u00e1s interesantes que he realizado durante mi curso en Escuela Arte Granada.\" \/>\n<meta property=\"og:url\" content=\"https:\/\/carmennievesinteriorista.com\/?page_id=379\" \/>\n<meta property=\"og:site_name\" content=\"Carmen Nieves Interiorista\" \/>\n<meta property=\"article:modified_time\" content=\"2026-02-12T17:40:12+00:00\" \/>\n<meta property=\"og:image\" content=\"https:\/\/carmennievesinteriorista.com\/wp-content\/uploads\/2025\/04\/cropped-LOGO-GRANDE-1-e1745952648605.png\" \/>\n\t<meta property=\"og:image:width\" content=\"384\" \/>\n\t<meta property=\"og:image:height\" content=\"204\" \/>\n\t<meta property=\"og:image:type\" content=\"image\/png\" \/>\n<meta name=\"twitter:card\" content=\"summary_large_image\" \/>\n<meta name=\"twitter:label1\" content=\"Tiempo de lectura\" \/>\n\t<meta name=\"twitter:data1\" content=\"1 minuto\" \/>\n<script type=\"application\/ld+json\" class=\"yoast-schema-graph\">{\"@context\":\"https:\/\/schema.org\",\"@graph\":[{\"@type\":\"WebPage\",\"@id\":\"https:\/\/carmennievesinteriorista.com\/?page_id=379\",\"url\":\"https:\/\/carmennievesinteriorista.com\/?page_id=379\",\"name\":\"Proyectos de interiorismo - Escuela Arte Granada\",\"isPartOf\":{\"@id\":\"https:\/\/carmennievesinteriorista.com\/#website\"},\"datePublished\":\"2023-05-11T08:03:07+00:00\",\"dateModified\":\"2026-02-12T17:40:12+00:00\",\"description\":\"Estos son algunos de los proyectos m\u00e1s interesantes que he realizado durante mi curso en Escuela Arte Granada.\",\"breadcrumb\":{\"@id\":\"https:\/\/carmennievesinteriorista.com\/?page_id=379#breadcrumb\"},\"inLanguage\":\"es\",\"potentialAction\":[{\"@type\":\"ReadAction\",\"target\":[\"https:\/\/carmennievesinteriorista.com\/?page_id=379\"]}]},{\"@type\":\"BreadcrumbList\",\"@id\":\"https:\/\/carmennievesinteriorista.com\/?page_id=379#breadcrumb\",\"itemListElement\":[{\"@type\":\"ListItem\",\"position\":1,\"name\":\"Portada\",\"item\":\"https:\/\/carmennievesinteriorista.com\/\"},{\"@type\":\"ListItem\",\"position\":2,\"name\":\"Proyectos\"}]},{\"@type\":\"WebSite\",\"@id\":\"https:\/\/carmennievesinteriorista.com\/#website\",\"url\":\"https:\/\/carmennievesinteriorista.com\/\",\"name\":\"Carmen Nieves Interiorista\",\"description\":\"Interiorista. Reformas y Rehabilitaci\u00f3n de espacios\",\"potentialAction\":[{\"@type\":\"SearchAction\",\"target\":{\"@type\":\"EntryPoint\",\"urlTemplate\":\"https:\/\/carmennievesinteriorista.com\/?s={search_term_string}\"},\"query-input\":\"required name=search_term_string\"}],\"inLanguage\":\"es\"}]}<\/script>\n<!-- \/ Yoast SEO plugin. -->","yoast_head_json":{"title":"Proyectos de interiorismo - Escuela Arte Granada","description":"Estos son algunos de los proyectos m\u00e1s interesantes que he realizado durante mi curso en Escuela Arte Granada.","robots":{"index":"index","follow":"follow","max-snippet":"max-snippet:-1","max-image-preview":"max-image-preview:large","max-video-preview":"max-video-preview:-1"},"canonical":"https:\/\/carmennievesinteriorista.com\/?page_id=379","og_locale":"es_ES","og_type":"article","og_title":"Proyectos de interiorismo - Escuela Arte Granada","og_description":"Estos son algunos de los proyectos m\u00e1s interesantes que he realizado durante mi curso en Escuela Arte Granada.","og_url":"https:\/\/carmennievesinteriorista.com\/?page_id=379","og_site_name":"Carmen Nieves Interiorista","article_modified_time":"2026-02-12T17:40:12+00:00","og_image":[{"width":384,"height":204,"url":"https:\/\/carmennievesinteriorista.com\/wp-content\/uploads\/2025\/04\/cropped-LOGO-GRANDE-1-e1745952648605.png","type":"image\/png"}],"twitter_card":"summary_large_image","twitter_misc":{"Tiempo de lectura":"1 minuto"},"schema":{"@context":"https:\/\/schema.org","@graph":[{"@type":"WebPage","@id":"https:\/\/carmennievesinteriorista.com\/?page_id=379","url":"https:\/\/carmennievesinteriorista.com\/?page_id=379","name":"Proyectos de interiorismo - Escuela Arte Granada","isPartOf":{"@id":"https:\/\/carmennievesinteriorista.com\/#website"},"datePublished":"2023-05-11T08:03:07+00:00","dateModified":"2026-02-12T17:40:12+00:00","description":"Estos son algunos de los proyectos m\u00e1s interesantes que he realizado durante mi curso en Escuela Arte Granada.","breadcrumb":{"@id":"https:\/\/carmennievesinteriorista.com\/?page_id=379#breadcrumb"},"inLanguage":"es","potentialAction":[{"@type":"ReadAction","target":["https:\/\/carmennievesinteriorista.com\/?page_id=379"]}]},{"@type":"BreadcrumbList","@id":"https:\/\/carmennievesinteriorista.com\/?page_id=379#breadcrumb","itemListElement":[{"@type":"ListItem","position":1,"name":"Portada","item":"https:\/\/carmennievesinteriorista.com\/"},{"@type":"ListItem","position":2,"name":"Proyectos"}]},{"@type":"WebSite","@id":"https:\/\/carmennievesinteriorista.com\/#website","url":"https:\/\/carmennievesinteriorista.com\/","name":"Carmen Nieves Interiorista","description":"Interiorista. Reformas y Rehabilitaci\u00f3n de espacios","potentialAction":[{"@type":"SearchAction","target":{"@type":"EntryPoint","urlTemplate":"https:\/\/carmennievesinteriorista.com\/?s={search_term_string}"},"query-input":"required name=search_term_string"}],"inLanguage":"es"}]}},"_links":{"self":[{"href":"https:\/\/carmennievesinteriorista.com\/index.php?rest_route=\/wp\/v2\/pages\/379","targetHints":{"allow":["GET"]}}],"collection":[{"href":"https:\/\/carmennievesinteriorista.com\/index.php?rest_route=\/wp\/v2\/pages"}],"about":[{"href":"https:\/\/carmennievesinteriorista.com\/index.php?rest_route=\/wp\/v2\/types\/page"}],"author":[{"embeddable":true,"href":"https:\/\/carmennievesinteriorista.com\/index.php?rest_route=\/wp\/v2\/users\/54"}],"replies":[{"embeddable":true,"href":"https:\/\/carmennievesinteriorista.com\/index.php?rest_route=%2Fwp%2Fv2%2Fcomments&post=379"}],"version-history":[{"count":50,"href":"https:\/\/carmennievesinteriorista.com\/index.php?rest_route=\/wp\/v2\/pages\/379\/revisions"}],"predecessor-version":[{"id":911,"href":"https:\/\/carmennievesinteriorista.com\/index.php?rest_route=\/wp\/v2\/pages\/379\/revisions\/911"}],"wp:featuredmedia":[{"embeddable":true,"href":"https:\/\/carmennievesinteriorista.com\/index.php?rest_route=\/wp\/v2\/media\/525"}],"wp:attachment":[{"href":"https:\/\/carmennievesinteriorista.com\/index.php?rest_route=%2Fwp%2Fv2%2Fmedia&parent=379"}],"curies":[{"name":"wp","href":"https:\/\/api.w.org\/{rel}","templated":true}]}}