{"id":374,"date":"2023-05-11T07:35:56","date_gmt":"2023-05-11T07:35:56","guid":{"rendered":"https:\/\/carmennievesinteriorista.com\/?page_id=374"},"modified":"2025-05-12T21:57:15","modified_gmt":"2025-05-12T19:57:15","slug":"contacto","status":"publish","type":"page","link":"https:\/\/carmennievesinteriorista.com\/?page_id=374","title":{"rendered":"Contacto"},"content":{"rendered":"<p>[et_pb_section fb_built=\u00bb1&#8243; _builder_version=\u00bb4.20.0&#8243; _module_preset=\u00bbdefault\u00bb global_colors_info=\u00bb{}\u00bb][et_pb_row _builder_version=\u00bb4.20.0&#8243; _module_preset=\u00bbdefault\u00bb custom_padding=\u00bb||10px|||\u00bb global_colors_info=\u00bb{}\u00bb][et_pb_column type=\u00bb4_4&#8243; _builder_version=\u00bb4.20.0&#8243; _module_preset=\u00bbdefault\u00bb global_colors_info=\u00bb{}\u00bb][et_pb_text _builder_version=\u00bb4.20.0&#8243; _module_preset=\u00bbdefault\u00bb text_font=\u00bbMontserrat||||||||\u00bb text_font_size=\u00bb24px\u00bb global_colors_info=\u00bb{}\u00bb]<\/p>\n<p><span style=\"color: #0a0a0a;\"><strong>\u00bfTRABAJAMOS JUNTOS?<\/strong><\/span><\/p>\n<p>[\/et_pb_text][\/et_pb_column][\/et_pb_row][et_pb_row _builder_version=\u00bb4.20.0&#8243; _module_preset=\u00bbdefault\u00bb custom_padding=\u00bb||10px|||\u00bb global_colors_info=\u00bb{}\u00bb][et_pb_column type=\u00bb4_4&#8243; _builder_version=\u00bb4.20.0&#8243; _module_preset=\u00bbdefault\u00bb global_colors_info=\u00bb{}\u00bb][et_pb_text _builder_version=\u00bb4.20.0&#8243; _module_preset=\u00bbdefault\u00bb text_font=\u00bbMontserrat||||||||\u00bb text_text_color=\u00bb#000000&#8243; text_font_size=\u00bb15px\u00bb global_colors_info=\u00bb{}\u00bb]<\/p>\n<p>Si buscas un dise\u00f1o creativo para tu pr\u00f3xima reforma, me encantar\u00eda que te pusieras en contacto conmigo a trav\u00e9s de este formulario, tel\u00e9fono o redes sociales. Juntos podemos crear tu proyecto ideal.<\/p>\n<p>[\/et_pb_text][\/et_pb_column][\/et_pb_row][\/et_pb_section][et_pb_section fb_built=\u00bb1&#8243; _builder_version=\u00bb4.20.0&#8243; _module_preset=\u00bbdefault\u00bb global_colors_info=\u00bb{}\u00bb][et_pb_row column_structure=\u00bb1_3,1_3,1_3&#8243; _builder_version=\u00bb4.20.0&#8243; _module_preset=\u00bbdefault\u00bb custom_padding=\u00bb7px|||||\u00bb global_colors_info=\u00bb{}\u00bb][et_pb_column type=\u00bb1_3&#8243; _builder_version=\u00bb4.20.0&#8243; _module_preset=\u00bbdefault\u00bb global_colors_info=\u00bb{}\u00bb][et_pb_text _builder_version=\u00bb4.20.0&#8243; _module_preset=\u00bbdefault\u00bb text_font=\u00bbMontserrat||||||||\u00bb text_text_color=\u00bb#000000&#8243; text_font_size=\u00bb20px\u00bb link_option_url=\u00bbhttps:\/\/api.whatsapp.com\/send?phone=34646100656&#038;text=Hola%2C%20quiero%20m%C3%A1s%20informaci%C3%B3n%20sobre%20tus%20servicios.\u00bb global_colors_info=\u00bb{}\u00bb]<\/p>\n<p style=\"text-align: center;\">+34 646 100 656<\/p>\n<p>[\/et_pb_text][\/et_pb_column][et_pb_column type=\u00bb1_3&#8243; _builder_version=\u00bb4.20.0&#8243; _module_preset=\u00bbdefault\u00bb global_colors_info=\u00bb{}\u00bb][et_pb_icon font_icon=\u00bb&#xe09a;||divi||400&#8243; icon_color=\u00bb#000000&#8243; icon_width=\u00bb40px\u00bb url=\u00bbhttps:\/\/www.instagram.com\/carmennievesinteriorista\/\u00bb _builder_version=\u00bb4.20.0&#8243; _module_preset=\u00bbdefault\u00bb hover_enabled=\u00bb0&#8243; global_colors_info=\u00bb{}\u00bb sticky_enabled=\u00bb0&#8243;][\/et_pb_icon][\/et_pb_column][et_pb_column type=\u00bb1_3&#8243; _builder_version=\u00bb4.20.0&#8243; _module_preset=\u00bbdefault\u00bb global_colors_info=\u00bb{}\u00bb][et_pb_icon font_icon=\u00bb&#xf4ad;||fa||900&#8243; icon_color=\u00bb#000000&#8243; icon_width=\u00bb40px\u00bb url=\u00bbhttps:\/\/mail.google.com\/mail\/u\/0\/#inbox\u00bb _builder_version=\u00bb4.20.0&#8243; _module_preset=\u00bbdefault\u00bb global_colors_info=\u00bb{}\u00bb][\/et_pb_icon][\/et_pb_column][\/et_pb_row][\/et_pb_section][et_pb_section fb_built=\u00bb1&#8243; _builder_version=\u00bb4.20.0&#8243; _module_preset=\u00bbdefault\u00bb custom_margin=\u00bb-2px|||||\u00bb custom_padding=\u00bb1px||0px|||\u00bb global_colors_info=\u00bb{}\u00bb][et_pb_row _builder_version=\u00bb4.20.0&#8243; _module_preset=\u00bbdefault\u00bb custom_margin=\u00bb4px|auto||auto||\u00bb custom_padding=\u00bb0px||2px|||\u00bb global_colors_info=\u00bb{}\u00bb][et_pb_column type=\u00bb4_4&#8243; _builder_version=\u00bb4.20.0&#8243; _module_preset=\u00bbdefault\u00bb global_colors_info=\u00bb{}\u00bb][et_pb_text _builder_version=\u00bb4.20.0&#8243; _module_preset=\u00bbdefault\u00bb text_font=\u00bbMontserrat||||||||\u00bb global_colors_info=\u00bb{}\u00bb]<\/p>\n<h1><strong>FORMULARIO DE CONTACTO<\/strong><\/h1>\n<p>[\/et_pb_text][et_pb_contact_form captcha=\u00bboff\u00bb email=\u00bbcarmennievesromeragarcia@gmail.com\u00bb use_redirect=\u00bbon\u00bb redirect_url=\u00bbhttps:\/\/carmennievesinteriorista.com\/?page_id=366&#8243; success_message=\u00bbGracias por contactar conmigo. Te responder\u00e9 cuanto antes.\u00bb submit_button_text=\u00bbEnviar\u00bb _builder_version=\u00bb4.20.0&#8243; _module_preset=\u00bbdefault\u00bb _unique_id=\u00bb93d1a293-42f3-42a3-8b1f-27d9cebdbcb3&#8243; form_field_background_color=\u00bb#D6D6D6&#8243; form_field_text_color=\u00bb#000000&#8243; form_field_focus_background_color=\u00bb#EBE3E0&#8243; form_field_focus_text_color=\u00bb#000000&#8243; background_enable_image=\u00bboff\u00bb custom_button=\u00bbon\u00bb button_text_color=\u00bb#000000&#8243; link_option_url=\u00bbhttps:\/\/wa.link\/go7o43&#8243; global_colors_info=\u00bb{}\u00bb][et_pb_contact_field field_id=\u00bbName\u00bb field_title=\u00bbNombre\u00bb _builder_version=\u00bb4.20.0&#8243; global_colors_info=\u00bb{}\u00bb button_text_size__hover_enabled=\u00bboff\u00bb button_one_text_size__hover_enabled=\u00bboff\u00bb button_two_text_size__hover_enabled=\u00bboff\u00bb button_text_color__hover_enabled=\u00bboff\u00bb button_one_text_color__hover_enabled=\u00bboff\u00bb button_two_text_color__hover_enabled=\u00bboff\u00bb button_border_width__hover_enabled=\u00bboff\u00bb button_one_border_width__hover_enabled=\u00bboff\u00bb button_two_border_width__hover_enabled=\u00bboff\u00bb button_border_color__hover_enabled=\u00bboff\u00bb button_one_border_color__hover_enabled=\u00bboff\u00bb button_two_border_color__hover_enabled=\u00bboff\u00bb button_border_radius__hover_enabled=\u00bboff\u00bb button_one_border_radius__hover_enabled=\u00bboff\u00bb button_two_border_radius__hover_enabled=\u00bboff\u00bb button_letter_spacing__hover_enabled=\u00bboff\u00bb button_one_letter_spacing__hover_enabled=\u00bboff\u00bb button_two_letter_spacing__hover_enabled=\u00bboff\u00bb button_bg_color__hover_enabled=\u00bboff\u00bb button_one_bg_color__hover_enabled=\u00bboff\u00bb button_two_bg_color__hover_enabled=\u00bboff\u00bb][\/et_pb_contact_field][et_pb_contact_field field_id=\u00bbEmail\u00bb field_title=\u00bbDirecci\u00f3n de correo electr\u00f3nico\u00bb field_type=\u00bbemail\u00bb _builder_version=\u00bb4.16&#8243; global_colors_info=\u00bb{}\u00bb button_text_size__hover_enabled=\u00bboff\u00bb button_one_text_size__hover_enabled=\u00bboff\u00bb button_two_text_size__hover_enabled=\u00bboff\u00bb button_text_color__hover_enabled=\u00bboff\u00bb button_one_text_color__hover_enabled=\u00bboff\u00bb button_two_text_color__hover_enabled=\u00bboff\u00bb button_border_width__hover_enabled=\u00bboff\u00bb button_one_border_width__hover_enabled=\u00bboff\u00bb button_two_border_width__hover_enabled=\u00bboff\u00bb button_border_color__hover_enabled=\u00bboff\u00bb button_one_border_color__hover_enabled=\u00bboff\u00bb button_two_border_color__hover_enabled=\u00bboff\u00bb button_border_radius__hover_enabled=\u00bboff\u00bb button_one_border_radius__hover_enabled=\u00bboff\u00bb button_two_border_radius__hover_enabled=\u00bboff\u00bb button_letter_spacing__hover_enabled=\u00bboff\u00bb button_one_letter_spacing__hover_enabled=\u00bboff\u00bb button_two_letter_spacing__hover_enabled=\u00bboff\u00bb button_bg_color__hover_enabled=\u00bboff\u00bb button_one_bg_color__hover_enabled=\u00bboff\u00bb button_two_bg_color__hover_enabled=\u00bboff\u00bb][\/et_pb_contact_field][et_pb_contact_field field_id=\u00bbField_7&#8243; field_title=\u00bbAsunto\u00bb fullwidth_field=\u00bbon\u00bb _builder_version=\u00bb4.20.0&#8243; _module_preset=\u00bbdefault\u00bb global_colors_info=\u00bb{}\u00bb][\/et_pb_contact_field][et_pb_contact_field field_id=\u00bbMessage\u00bb field_title=\u00bbMensaje\u00bb field_type=\u00bbtext\u00bb fullwidth_field=\u00bbon\u00bb _builder_version=\u00bb4.20.0&#8243; global_colors_info=\u00bb{}\u00bb button_text_size__hover_enabled=\u00bboff\u00bb button_one_text_size__hover_enabled=\u00bboff\u00bb button_two_text_size__hover_enabled=\u00bboff\u00bb button_text_color__hover_enabled=\u00bboff\u00bb button_one_text_color__hover_enabled=\u00bboff\u00bb button_two_text_color__hover_enabled=\u00bboff\u00bb button_border_width__hover_enabled=\u00bboff\u00bb button_one_border_width__hover_enabled=\u00bboff\u00bb button_two_border_width__hover_enabled=\u00bboff\u00bb button_border_color__hover_enabled=\u00bboff\u00bb button_one_border_color__hover_enabled=\u00bboff\u00bb button_two_border_color__hover_enabled=\u00bboff\u00bb button_border_radius__hover_enabled=\u00bboff\u00bb button_one_border_radius__hover_enabled=\u00bboff\u00bb button_two_border_radius__hover_enabled=\u00bboff\u00bb button_letter_spacing__hover_enabled=\u00bboff\u00bb button_one_letter_spacing__hover_enabled=\u00bboff\u00bb button_two_letter_spacing__hover_enabled=\u00bboff\u00bb button_bg_color__hover_enabled=\u00bboff\u00bb button_one_bg_color__hover_enabled=\u00bboff\u00bb button_two_bg_color__hover_enabled=\u00bboff\u00bb][\/et_pb_contact_field][\/et_pb_contact_form][\/et_pb_column][\/et_pb_row][\/et_pb_section]<\/p>\n","protected":false},"excerpt":{"rendered":"<p>\u00bfTRABAJAMOS JUNTOS?Si buscas un dise\u00f1o creativo para tu pr\u00f3xima reforma, me encantar\u00eda que te pusieras en contacto conmigo a trav\u00e9s de este formulario, tel\u00e9fono o redes sociales. Juntos podemos crear tu proyecto ideal.+34 646 100 656FORMULARIO DE CONTACTO<\/p>\n","protected":false},"author":54,"featured_media":0,"parent":0,"menu_order":0,"comment_status":"closed","ping_status":"closed","template":"","meta":{"_et_pb_use_builder":"on","_et_pb_old_content":"","_et_gb_content_width":"","footnotes":""},"class_list":["post-374","page","type-page","status-publish","hentry"],"yoast_head":"<!-- This site is optimized with the Yoast SEO plugin v20.6 - https:\/\/yoast.com\/wordpress\/plugins\/seo\/ -->\n<title>Dise\u00f1adora en Granada - Escuela Arte Granada<\/title>\n<meta name=\"description\" content=\"Si eres una persona que .necesita reformar, rehabilitar o simplemente asesoramiento, no dudes en contactar conmigo\" \/>\n<meta name=\"robots\" content=\"index, follow, max-snippet:-1, max-image-preview:large, max-video-preview:-1\" \/>\n<link rel=\"canonical\" href=\"https:\/\/carmennievesinteriorista.com\/?page_id=374\" \/>\n<meta property=\"og:locale\" content=\"es_ES\" \/>\n<meta property=\"og:type\" content=\"article\" \/>\n<meta property=\"og:title\" content=\"Dise\u00f1adora en Granada - Escuela Arte Granada\" \/>\n<meta property=\"og:description\" content=\"Si eres una persona que .necesita reformar, rehabilitar o simplemente asesoramiento, no dudes en contactar conmigo\" \/>\n<meta property=\"og:url\" content=\"https:\/\/carmennievesinteriorista.com\/?page_id=374\" \/>\n<meta property=\"og:site_name\" content=\"Carmen Nieves Interiorista\" \/>\n<meta property=\"article:modified_time\" content=\"2025-05-12T19:57:15+00:00\" \/>\n<meta name=\"twitter:card\" content=\"summary_large_image\" \/>\n<meta name=\"twitter:label1\" content=\"Tiempo de lectura\" \/>\n\t<meta name=\"twitter:data1\" content=\"2 minutos\" \/>\n<script type=\"application\/ld+json\" class=\"yoast-schema-graph\">{\"@context\":\"https:\/\/schema.org\",\"@graph\":[{\"@type\":\"WebPage\",\"@id\":\"https:\/\/carmennievesinteriorista.com\/?page_id=374\",\"url\":\"https:\/\/carmennievesinteriorista.com\/?page_id=374\",\"name\":\"Dise\u00f1adora en Granada - Escuela Arte Granada\",\"isPartOf\":{\"@id\":\"https:\/\/carmennievesinteriorista.com\/#website\"},\"datePublished\":\"2023-05-11T07:35:56+00:00\",\"dateModified\":\"2025-05-12T19:57:15+00:00\",\"description\":\"Si eres una persona que .necesita reformar, rehabilitar o simplemente asesoramiento, no dudes en contactar conmigo\",\"breadcrumb\":{\"@id\":\"https:\/\/carmennievesinteriorista.com\/?page_id=374#breadcrumb\"},\"inLanguage\":\"es\",\"potentialAction\":[{\"@type\":\"ReadAction\",\"target\":[\"https:\/\/carmennievesinteriorista.com\/?page_id=374\"]}]},{\"@type\":\"BreadcrumbList\",\"@id\":\"https:\/\/carmennievesinteriorista.com\/?page_id=374#breadcrumb\",\"itemListElement\":[{\"@type\":\"ListItem\",\"position\":1,\"name\":\"Portada\",\"item\":\"https:\/\/carmennievesinteriorista.com\/\"},{\"@type\":\"ListItem\",\"position\":2,\"name\":\"Contacto\"}]},{\"@type\":\"WebSite\",\"@id\":\"https:\/\/carmennievesinteriorista.com\/#website\",\"url\":\"https:\/\/carmennievesinteriorista.com\/\",\"name\":\"Carmen Nieves Interiorista\",\"description\":\"Interiorista. Reformas y Rehabilitaci\u00f3n de espacios\",\"potentialAction\":[{\"@type\":\"SearchAction\",\"target\":{\"@type\":\"EntryPoint\",\"urlTemplate\":\"https:\/\/carmennievesinteriorista.com\/?s={search_term_string}\"},\"query-input\":\"required name=search_term_string\"}],\"inLanguage\":\"es\"}]}<\/script>\n<!-- \/ Yoast SEO plugin. -->","yoast_head_json":{"title":"Dise\u00f1adora en Granada - Escuela Arte Granada","description":"Si eres una persona que .necesita reformar, rehabilitar o simplemente asesoramiento, no dudes en contactar conmigo","robots":{"index":"index","follow":"follow","max-snippet":"max-snippet:-1","max-image-preview":"max-image-preview:large","max-video-preview":"max-video-preview:-1"},"canonical":"https:\/\/carmennievesinteriorista.com\/?page_id=374","og_locale":"es_ES","og_type":"article","og_title":"Dise\u00f1adora en Granada - Escuela Arte Granada","og_description":"Si eres una persona que .necesita reformar, rehabilitar o simplemente asesoramiento, no dudes en contactar conmigo","og_url":"https:\/\/carmennievesinteriorista.com\/?page_id=374","og_site_name":"Carmen Nieves Interiorista","article_modified_time":"2025-05-12T19:57:15+00:00","twitter_card":"summary_large_image","twitter_misc":{"Tiempo de lectura":"2 minutos"},"schema":{"@context":"https:\/\/schema.org","@graph":[{"@type":"WebPage","@id":"https:\/\/carmennievesinteriorista.com\/?page_id=374","url":"https:\/\/carmennievesinteriorista.com\/?page_id=374","name":"Dise\u00f1adora en Granada - Escuela Arte Granada","isPartOf":{"@id":"https:\/\/carmennievesinteriorista.com\/#website"},"datePublished":"2023-05-11T07:35:56+00:00","dateModified":"2025-05-12T19:57:15+00:00","description":"Si eres una persona que .necesita reformar, rehabilitar o simplemente asesoramiento, no dudes en contactar conmigo","breadcrumb":{"@id":"https:\/\/carmennievesinteriorista.com\/?page_id=374#breadcrumb"},"inLanguage":"es","potentialAction":[{"@type":"ReadAction","target":["https:\/\/carmennievesinteriorista.com\/?page_id=374"]}]},{"@type":"BreadcrumbList","@id":"https:\/\/carmennievesinteriorista.com\/?page_id=374#breadcrumb","itemListElement":[{"@type":"ListItem","position":1,"name":"Portada","item":"https:\/\/carmennievesinteriorista.com\/"},{"@type":"ListItem","position":2,"name":"Contacto"}]},{"@type":"WebSite","@id":"https:\/\/carmennievesinteriorista.com\/#website","url":"https:\/\/carmennievesinteriorista.com\/","name":"Carmen Nieves Interiorista","description":"Interiorista. Reformas y Rehabilitaci\u00f3n de espacios","potentialAction":[{"@type":"SearchAction","target":{"@type":"EntryPoint","urlTemplate":"https:\/\/carmennievesinteriorista.com\/?s={search_term_string}"},"query-input":"required name=search_term_string"}],"inLanguage":"es"}]}},"_links":{"self":[{"href":"https:\/\/carmennievesinteriorista.com\/index.php?rest_route=\/wp\/v2\/pages\/374","targetHints":{"allow":["GET"]}}],"collection":[{"href":"https:\/\/carmennievesinteriorista.com\/index.php?rest_route=\/wp\/v2\/pages"}],"about":[{"href":"https:\/\/carmennievesinteriorista.com\/index.php?rest_route=\/wp\/v2\/types\/page"}],"author":[{"embeddable":true,"href":"https:\/\/carmennievesinteriorista.com\/index.php?rest_route=\/wp\/v2\/users\/54"}],"replies":[{"embeddable":true,"href":"https:\/\/carmennievesinteriorista.com\/index.php?rest_route=%2Fwp%2Fv2%2Fcomments&post=374"}],"version-history":[{"count":26,"href":"https:\/\/carmennievesinteriorista.com\/index.php?rest_route=\/wp\/v2\/pages\/374\/revisions"}],"predecessor-version":[{"id":772,"href":"https:\/\/carmennievesinteriorista.com\/index.php?rest_route=\/wp\/v2\/pages\/374\/revisions\/772"}],"wp:attachment":[{"href":"https:\/\/carmennievesinteriorista.com\/index.php?rest_route=%2Fwp%2Fv2%2Fmedia&parent=374"}],"curies":[{"name":"wp","href":"https:\/\/api.w.org\/{rel}","templated":true}]}}