{"id":370,"date":"2023-05-11T07:31:49","date_gmt":"2023-05-11T07:31:49","guid":{"rendered":"https:\/\/carmennievesinteriorista.com\/?page_id=370"},"modified":"2025-05-08T14:23:55","modified_gmt":"2025-05-08T12:23:55","slug":"servicios","status":"publish","type":"page","link":"https:\/\/carmennievesinteriorista.com\/?page_id=370","title":{"rendered":"Servicios"},"content":{"rendered":"<p>[et_pb_section fb_built=\u00bb1&#8243; _builder_version=\u00bb4.20.0&#8243; _module_preset=\u00bbdefault\u00bb background_image=\u00bbhttps:\/\/carmennievesinteriorista.com\/wp-content\/uploads\/2025\/05\/IMAGEN-FINAL-4.jpg\u00bb background_position=\u00bbbottom_center\u00bb min_height=\u00bb195.2px\u00bb custom_margin=\u00bb||-3px|||\u00bb custom_padding=\u00bb||230px|||\u00bb global_colors_info=\u00bb{}\u00bb][et_pb_row _builder_version=\u00bb4.20.0&#8243; _module_preset=\u00bbdefault\u00bb global_colors_info=\u00bb{}\u00bb][et_pb_column type=\u00bb4_4&#8243; _builder_version=\u00bb4.20.0&#8243; _module_preset=\u00bbdefault\u00bb global_colors_info=\u00bb{}\u00bb][et_pb_text _builder_version=\u00bb4.20.0&#8243; _module_preset=\u00bbdefault\u00bb text_font=\u00bbMontserrat||||||||\u00bb text_text_color=\u00bb#FFFFFF\u00bb text_font_size=\u00bb40px\u00bb transform_translate=\u00bb0px|80px\u00bb transform_translate_linked=\u00bboff\u00bb global_colors_info=\u00bb{}\u00bb]<\/p>\n<p style=\"text-align: center;\">SERVICIOS<\/p>\n<p>[\/et_pb_text][\/et_pb_column][\/et_pb_row][\/et_pb_section][et_pb_section fb_built=\u00bb1&#8243; _builder_version=\u00bb4.20.0&#8243; _module_preset=\u00bbdefault\u00bb min_height=\u00bb494.3px\u00bb custom_margin=\u00bb3px||-1px|||\u00bb custom_padding=\u00bb1px||0px|||\u00bb global_colors_info=\u00bb{}\u00bb][et_pb_row column_structure=\u00bb1_2,1_2&#8243; _builder_version=\u00bb4.20.0&#8243; _module_preset=\u00bbdefault\u00bb min_height=\u00bb357.3px\u00bb custom_margin=\u00bb-2px|auto|-8px|auto||\u00bb custom_padding=\u00bb||0px|||\u00bb global_colors_info=\u00bb{}\u00bb][et_pb_column type=\u00bb1_2&#8243; _builder_version=\u00bb4.20.0&#8243; _module_preset=\u00bbdefault\u00bb global_colors_info=\u00bb{}\u00bb][et_pb_text _builder_version=\u00bb4.20.0&#8243; _module_preset=\u00bbdefault\u00bb text_font=\u00bbMontserrat||||||||\u00bb text_text_color=\u00bb#000000&#8243; text_font_size=\u00bb20px\u00bb custom_margin=\u00bb55px|||||\u00bb global_colors_info=\u00bb{}\u00bb]<\/p>\n<p><strong>DISE\u00d1O Y DECORACI\u00d3N<\/strong><\/p>\n<p style=\"text-align: justify;\"><span style=\"color: #353535;\">Te asesoro para dise\u00f1ar un espacio acorde con tus necesidades est\u00e9ticas y funcionales, tanto para viviendas como para comercios.<\/span><\/p>\n<p>[\/et_pb_text][\/et_pb_column][et_pb_column type=\u00bb1_2&#8243; _builder_version=\u00bb4.20.0&#8243; _module_preset=\u00bbdefault\u00bb global_colors_info=\u00bb{}\u00bb][et_pb_image src=\u00bbhttps:\/\/carmennievesinteriorista.com\/wp-content\/uploads\/2025\/05\/dormitorio-2.jpg\u00bb title_text=\u00bbdormitorio 2&#8243; _builder_version=\u00bb4.20.0&#8243; _module_preset=\u00bbdefault\u00bb global_colors_info=\u00bb{}\u00bb][\/et_pb_image][\/et_pb_column][\/et_pb_row][\/et_pb_section][et_pb_section fb_built=\u00bb1&#8243; _builder_version=\u00bb4.20.0&#8243; _module_preset=\u00bbdefault\u00bb custom_margin=\u00bb-171px||5px|||\u00bb custom_padding=\u00bb1px||0px|||\u00bb global_colors_info=\u00bb{}\u00bb][et_pb_row column_structure=\u00bb1_2,1_2&#8243; _builder_version=\u00bb4.20.0&#8243; _module_preset=\u00bbdefault\u00bb min_height=\u00bb82.2px\u00bb custom_margin=\u00bb|auto|1px|auto||\u00bb custom_padding=\u00bb5px||1px|||\u00bb global_colors_info=\u00bb{}\u00bb][et_pb_column type=\u00bb1_2&#8243; _builder_version=\u00bb4.20.0&#8243; _module_preset=\u00bbdefault\u00bb global_colors_info=\u00bb{}\u00bb][et_pb_text _builder_version=\u00bb4.20.0&#8243; _module_preset=\u00bbdefault\u00bb text_font=\u00bbMontserrat||||||||\u00bb text_text_color=\u00bb#000000&#8243; text_font_size=\u00bb20px\u00bb transform_translate=\u00bb0px|80px\u00bb transform_translate_linked=\u00bboff\u00bb width=\u00bb99%\u00bb custom_margin=\u00bb13px||-5px|13px||\u00bb custom_padding=\u00bb|||0px||\u00bb global_colors_info=\u00bb{}\u00bb min_height=\u00bb157.2px\u00bb]<\/p>\n<p style=\"text-align: left;\"><strong>REFORMAS Y CONSTRUCCI\u00d3N<\/strong><\/p>\n<p style=\"text-align: justify;\">Puedo ayudarte desde la idea de proyecto hasta la ejecuci\u00f3n en la obra, estando contigo durante todo el proceso de reforma.<\/p>\n<p>[\/et_pb_text][\/et_pb_column][et_pb_column type=\u00bb1_2&#8243; _builder_version=\u00bb4.20.0&#8243; _module_preset=\u00bbdefault\u00bb global_colors_info=\u00bb{}\u00bb][et_pb_image src=\u00bbhttps:\/\/carmennievesinteriorista.com\/wp-content\/uploads\/2025\/05\/IMAGEN-FINAL-1.jpg\u00bb title_text=\u00bbIMAGEN FINAL 1&#8243; _builder_version=\u00bb4.20.0&#8243; _module_preset=\u00bbdefault\u00bb min_height=\u00bb212px\u00bb custom_margin=\u00bb22px||39px|||\u00bb global_colors_info=\u00bb{}\u00bb custom_padding=\u00bb29px|||||\u00bb][\/et_pb_image][\/et_pb_column][\/et_pb_row][\/et_pb_section][et_pb_section fb_built=\u00bb1&#8243; _builder_version=\u00bb4.20.0&#8243; _module_preset=\u00bbdefault\u00bb custom_padding=\u00bb0px|||||\u00bb global_colors_info=\u00bb{}\u00bb][et_pb_row column_structure=\u00bb1_2,1_2&#8243; _builder_version=\u00bb4.20.0&#8243; _module_preset=\u00bbdefault\u00bb min_height=\u00bb324px\u00bb custom_margin=\u00bb9px|auto|10px|auto||\u00bb global_colors_info=\u00bb{}\u00bb custom_padding=\u00bb0px|||||\u00bb][et_pb_column type=\u00bb1_2&#8243; _builder_version=\u00bb4.20.0&#8243; _module_preset=\u00bbdefault\u00bb global_colors_info=\u00bb{}\u00bb][et_pb_text _builder_version=\u00bb4.20.0&#8243; _module_preset=\u00bbdefault\u00bb text_font=\u00bbMontserrat||||||||\u00bb text_text_color=\u00bb#000000&#8243; text_font_size=\u00bb20px\u00bb custom_margin=\u00bb1px|||||\u00bb hover_enabled=\u00bb0&#8243; global_colors_info=\u00bb{}\u00bb custom_padding=\u00bb25px||25px|||\u00bb min_height=\u00bb54.4px\u00bb transform_translate=\u00bb0px|40px\u00bb transform_translate_linked=\u00bboff\u00bb sticky_enabled=\u00bb0&#8243;]<\/p>\n<p><strong>MOBILIARIO DE DISE\u00d1O<\/strong><\/p>\n<p>Puedo dise\u00f1ar tu mobiliario de ensue\u00f1o, a dem\u00e1s de rehabilitar los que quieras conservar.<\/p>\n<p>[\/et_pb_text][\/et_pb_column][et_pb_column type=\u00bb1_2&#8243; _builder_version=\u00bb4.20.0&#8243; _module_preset=\u00bbdefault\u00bb global_colors_info=\u00bb{}\u00bb][et_pb_image src=\u00bbhttps:\/\/carmennievesinteriorista.com\/wp-content\/uploads\/2025\/05\/IMAGEN-FINAL-2-1.jpg\u00bb title_text=\u00bbIMAGEN FINAL 2&#8243; _builder_version=\u00bb4.20.0&#8243; _module_preset=\u00bbdefault\u00bb global_colors_info=\u00bb{}\u00bb][\/et_pb_image][\/et_pb_column][\/et_pb_row][\/et_pb_section][et_pb_section fb_built=\u00bb1&#8243; _builder_version=\u00bb4.20.0&#8243; _module_preset=\u00bbdefault\u00bb custom_padding=\u00bb0px||3px|||\u00bb global_colors_info=\u00bb{}\u00bb][et_pb_row _builder_version=\u00bb4.20.0&#8243; _module_preset=\u00bbdefault\u00bb global_colors_info=\u00bb{}\u00bb][et_pb_column type=\u00bb4_4&#8243; _builder_version=\u00bb4.20.0&#8243; _module_preset=\u00bbdefault\u00bb global_colors_info=\u00bb{}\u00bb][et_pb_text _builder_version=\u00bb4.20.0&#8243; _module_preset=\u00bbdefault\u00bb text_font=\u00bbMontserrat||||||||\u00bb text_text_color=\u00bb#000000&#8243; text_font_size=\u00bb30px\u00bb hover_enabled=\u00bb0&#8243; global_colors_info=\u00bb{}\u00bb sticky_enabled=\u00bb0&#8243; custom_padding=\u00bb|0px|4px|||\u00bb custom_margin=\u00bb|-2px||||\u00bb]<\/p>\n<p style=\"text-align: center;\">NUESTRO PROCESO<\/p>\n<p>[\/et_pb_text][\/et_pb_column][\/et_pb_row][et_pb_row column_structure=\u00bb1_4,1_4,1_4,1_4&#8243; _builder_version=\u00bb4.20.0&#8243; _module_preset=\u00bbdefault\u00bb global_colors_info=\u00bb{}\u00bb][et_pb_column type=\u00bb1_4&#8243; _builder_version=\u00bb4.20.0&#8243; _module_preset=\u00bbdefault\u00bb global_colors_info=\u00bb{}\u00bb][et_pb_icon font_icon=\u00bb&#xf086;||fa||900&#8243; icon_color=\u00bb#000000&#8243; _builder_version=\u00bb4.20.0&#8243; _module_preset=\u00bbdefault\u00bb global_colors_info=\u00bb{}\u00bb][\/et_pb_icon][et_pb_text _builder_version=\u00bb4.20.0&#8243; _module_preset=\u00bbdefault\u00bb text_font=\u00bbMontserrat||||||||\u00bb text_text_color=\u00bb#000000&#8243; text_font_size=\u00bb30px\u00bb global_colors_info=\u00bb{}\u00bb]<\/p>\n<p style=\"text-align: center;\">Hablamos<\/p>\n<p>[\/et_pb_text][\/et_pb_column][et_pb_column type=\u00bb1_4&#8243; _builder_version=\u00bb4.20.0&#8243; _module_preset=\u00bbdefault\u00bb global_colors_info=\u00bb{}\u00bb][et_pb_icon font_icon=\u00bb&#xf0c5;||fa||900&#8243; icon_color=\u00bb#000000&#8243; _builder_version=\u00bb4.20.0&#8243; _module_preset=\u00bbdefault\u00bb global_colors_info=\u00bb{}\u00bb][\/et_pb_icon][et_pb_text _builder_version=\u00bb4.20.0&#8243; _module_preset=\u00bbdefault\u00bb text_font=\u00bbMontserrat||||||||\u00bb text_text_color=\u00bb#000000&#8243; text_font_size=\u00bb30px\u00bb global_colors_info=\u00bb{}\u00bb]<\/p>\n<p style=\"text-align: center;\">Proponemos<\/p>\n<p>[\/et_pb_text][\/et_pb_column][et_pb_column type=\u00bb1_4&#8243; _builder_version=\u00bb4.20.0&#8243; _module_preset=\u00bbdefault\u00bb global_colors_info=\u00bb{}\u00bb][et_pb_icon font_icon=\u00bb&#xe0fd;||divi||400&#8243; icon_color=\u00bb#000000&#8243; _builder_version=\u00bb4.20.0&#8243; _module_preset=\u00bbdefault\u00bb global_colors_info=\u00bb{}\u00bb][\/et_pb_icon][et_pb_text _builder_version=\u00bb4.20.0&#8243; _module_preset=\u00bbdefault\u00bb text_font=\u00bbMontserrat||||||||\u00bb text_text_color=\u00bb#000000&#8243; text_font_size=\u00bb30px\u00bb global_colors_info=\u00bb{}\u00bb]<\/p>\n<p style=\"text-align: center;\">Construimos<\/p>\n<p>[\/et_pb_text][\/et_pb_column][et_pb_column type=\u00bb1_4&#8243; _builder_version=\u00bb4.20.0&#8243; _module_preset=\u00bbdefault\u00bb global_colors_info=\u00bb{}\u00bb][et_pb_icon font_icon=\u00bb&#xe052;||divi||400&#8243; icon_color=\u00bb#000000&#8243; _builder_version=\u00bb4.20.0&#8243; _module_preset=\u00bbdefault\u00bb global_colors_info=\u00bb{}\u00bb][\/et_pb_icon][et_pb_text _builder_version=\u00bb4.20.0&#8243; _module_preset=\u00bbdefault\u00bb text_font=\u00bbMontserrat||||||||\u00bb text_text_color=\u00bb#000000&#8243; text_font_size=\u00bb30px\u00bb global_colors_info=\u00bb{}\u00bb]<\/p>\n<p style=\"text-align: center;\">Decoramos<\/p>\n<p>[\/et_pb_text][\/et_pb_column][\/et_pb_row][\/et_pb_section]<\/p>\n","protected":false},"excerpt":{"rendered":"<p>SERVICIOSDISE\u00d1O Y DECORACI\u00d3N Te asesoro para dise\u00f1ar un espacio acorde con tus necesidades est\u00e9ticas y funcionales, tanto para viviendas como para comercios.REFORMAS Y CONSTRUCCI\u00d3N Puedo ayudarte desde la idea de proyecto hasta la ejecuci\u00f3n en la obra, estando contigo durante todo el proceso de reforma.MOBILIARIO DE DISE\u00d1O Puedo dise\u00f1ar tu mobiliario de ensue\u00f1o, a dem\u00e1s [&hellip;]<\/p>\n","protected":false},"author":54,"featured_media":0,"parent":0,"menu_order":0,"comment_status":"closed","ping_status":"closed","template":"","meta":{"_et_pb_use_builder":"on","_et_pb_old_content":"","_et_gb_content_width":"","footnotes":""},"class_list":["post-370","page","type-page","status-publish","hentry"],"yoast_head":"<!-- This site is optimized with the Yoast SEO plugin v20.6 - https:\/\/yoast.com\/wordpress\/plugins\/seo\/ -->\n<title>Reformas y Rehabilitaci\u00f3n - Escuela Arte Granada<\/title>\n<meta name=\"description\" content=\"Ofrezco un servicio personalizado seg\u00fan tus necesidades, un contacto directo y familiar, y asesoramiento gratuito.\" \/>\n<meta name=\"robots\" content=\"index, follow, max-snippet:-1, max-image-preview:large, max-video-preview:-1\" \/>\n<link rel=\"canonical\" href=\"https:\/\/carmennievesinteriorista.com\/?page_id=370\" \/>\n<meta property=\"og:locale\" content=\"es_ES\" \/>\n<meta property=\"og:type\" content=\"article\" \/>\n<meta property=\"og:title\" content=\"Reformas y Rehabilitaci\u00f3n - Escuela Arte Granada\" \/>\n<meta property=\"og:description\" content=\"Ofrezco un servicio personalizado seg\u00fan tus necesidades, un contacto directo y familiar, y asesoramiento gratuito.\" \/>\n<meta property=\"og:url\" content=\"https:\/\/carmennievesinteriorista.com\/?page_id=370\" \/>\n<meta property=\"og:site_name\" content=\"Carmen Nieves Interiorista\" \/>\n<meta property=\"article:modified_time\" content=\"2025-05-08T12:23:55+00:00\" \/>\n<meta name=\"twitter:card\" content=\"summary_large_image\" \/>\n<meta name=\"twitter:label1\" content=\"Tiempo de lectura\" \/>\n\t<meta name=\"twitter:data1\" content=\"2 minutos\" \/>\n<script type=\"application\/ld+json\" class=\"yoast-schema-graph\">{\"@context\":\"https:\/\/schema.org\",\"@graph\":[{\"@type\":\"WebPage\",\"@id\":\"https:\/\/carmennievesinteriorista.com\/?page_id=370\",\"url\":\"https:\/\/carmennievesinteriorista.com\/?page_id=370\",\"name\":\"Reformas y Rehabilitaci\u00f3n - Escuela Arte Granada\",\"isPartOf\":{\"@id\":\"https:\/\/carmennievesinteriorista.com\/#website\"},\"datePublished\":\"2023-05-11T07:31:49+00:00\",\"dateModified\":\"2025-05-08T12:23:55+00:00\",\"description\":\"Ofrezco un servicio personalizado seg\u00fan tus necesidades, un contacto directo y familiar, y asesoramiento gratuito.\",\"breadcrumb\":{\"@id\":\"https:\/\/carmennievesinteriorista.com\/?page_id=370#breadcrumb\"},\"inLanguage\":\"es\",\"potentialAction\":[{\"@type\":\"ReadAction\",\"target\":[\"https:\/\/carmennievesinteriorista.com\/?page_id=370\"]}]},{\"@type\":\"BreadcrumbList\",\"@id\":\"https:\/\/carmennievesinteriorista.com\/?page_id=370#breadcrumb\",\"itemListElement\":[{\"@type\":\"ListItem\",\"position\":1,\"name\":\"Portada\",\"item\":\"https:\/\/carmennievesinteriorista.com\/\"},{\"@type\":\"ListItem\",\"position\":2,\"name\":\"Servicios\"}]},{\"@type\":\"WebSite\",\"@id\":\"https:\/\/carmennievesinteriorista.com\/#website\",\"url\":\"https:\/\/carmennievesinteriorista.com\/\",\"name\":\"Carmen Nieves Interiorista\",\"description\":\"Interiorista. Reformas y Rehabilitaci\u00f3n de espacios\",\"potentialAction\":[{\"@type\":\"SearchAction\",\"target\":{\"@type\":\"EntryPoint\",\"urlTemplate\":\"https:\/\/carmennievesinteriorista.com\/?s={search_term_string}\"},\"query-input\":\"required name=search_term_string\"}],\"inLanguage\":\"es\"}]}<\/script>\n<!-- \/ Yoast SEO plugin. -->","yoast_head_json":{"title":"Reformas y Rehabilitaci\u00f3n - Escuela Arte Granada","description":"Ofrezco un servicio personalizado seg\u00fan tus necesidades, un contacto directo y familiar, y asesoramiento gratuito.","robots":{"index":"index","follow":"follow","max-snippet":"max-snippet:-1","max-image-preview":"max-image-preview:large","max-video-preview":"max-video-preview:-1"},"canonical":"https:\/\/carmennievesinteriorista.com\/?page_id=370","og_locale":"es_ES","og_type":"article","og_title":"Reformas y Rehabilitaci\u00f3n - Escuela Arte Granada","og_description":"Ofrezco un servicio personalizado seg\u00fan tus necesidades, un contacto directo y familiar, y asesoramiento gratuito.","og_url":"https:\/\/carmennievesinteriorista.com\/?page_id=370","og_site_name":"Carmen Nieves Interiorista","article_modified_time":"2025-05-08T12:23:55+00:00","twitter_card":"summary_large_image","twitter_misc":{"Tiempo de lectura":"2 minutos"},"schema":{"@context":"https:\/\/schema.org","@graph":[{"@type":"WebPage","@id":"https:\/\/carmennievesinteriorista.com\/?page_id=370","url":"https:\/\/carmennievesinteriorista.com\/?page_id=370","name":"Reformas y Rehabilitaci\u00f3n - Escuela Arte Granada","isPartOf":{"@id":"https:\/\/carmennievesinteriorista.com\/#website"},"datePublished":"2023-05-11T07:31:49+00:00","dateModified":"2025-05-08T12:23:55+00:00","description":"Ofrezco un servicio personalizado seg\u00fan tus necesidades, un contacto directo y familiar, y asesoramiento gratuito.","breadcrumb":{"@id":"https:\/\/carmennievesinteriorista.com\/?page_id=370#breadcrumb"},"inLanguage":"es","potentialAction":[{"@type":"ReadAction","target":["https:\/\/carmennievesinteriorista.com\/?page_id=370"]}]},{"@type":"BreadcrumbList","@id":"https:\/\/carmennievesinteriorista.com\/?page_id=370#breadcrumb","itemListElement":[{"@type":"ListItem","position":1,"name":"Portada","item":"https:\/\/carmennievesinteriorista.com\/"},{"@type":"ListItem","position":2,"name":"Servicios"}]},{"@type":"WebSite","@id":"https:\/\/carmennievesinteriorista.com\/#website","url":"https:\/\/carmennievesinteriorista.com\/","name":"Carmen Nieves Interiorista","description":"Interiorista. Reformas y Rehabilitaci\u00f3n de espacios","potentialAction":[{"@type":"SearchAction","target":{"@type":"EntryPoint","urlTemplate":"https:\/\/carmennievesinteriorista.com\/?s={search_term_string}"},"query-input":"required name=search_term_string"}],"inLanguage":"es"}]}},"_links":{"self":[{"href":"https:\/\/carmennievesinteriorista.com\/index.php?rest_route=\/wp\/v2\/pages\/370","targetHints":{"allow":["GET"]}}],"collection":[{"href":"https:\/\/carmennievesinteriorista.com\/index.php?rest_route=\/wp\/v2\/pages"}],"about":[{"href":"https:\/\/carmennievesinteriorista.com\/index.php?rest_route=\/wp\/v2\/types\/page"}],"author":[{"embeddable":true,"href":"https:\/\/carmennievesinteriorista.com\/index.php?rest_route=\/wp\/v2\/users\/54"}],"replies":[{"embeddable":true,"href":"https:\/\/carmennievesinteriorista.com\/index.php?rest_route=%2Fwp%2Fv2%2Fcomments&post=370"}],"version-history":[{"count":21,"href":"https:\/\/carmennievesinteriorista.com\/index.php?rest_route=\/wp\/v2\/pages\/370\/revisions"}],"predecessor-version":[{"id":752,"href":"https:\/\/carmennievesinteriorista.com\/index.php?rest_route=\/wp\/v2\/pages\/370\/revisions\/752"}],"wp:attachment":[{"href":"https:\/\/carmennievesinteriorista.com\/index.php?rest_route=%2Fwp%2Fv2%2Fmedia&parent=370"}],"curies":[{"name":"wp","href":"https:\/\/api.w.org\/{rel}","templated":true}]}}