{"id":366,"date":"2023-05-11T07:20:12","date_gmt":"2023-05-11T07:20:12","guid":{"rendered":"https:\/\/carmennievesinteriorista.com\/?page_id=366"},"modified":"2025-05-08T14:12:06","modified_gmt":"2025-05-08T12:12:06","slug":"sobre-mi","status":"publish","type":"page","link":"https:\/\/carmennievesinteriorista.com\/?page_id=366","title":{"rendered":"Sobre m\u00ed"},"content":{"rendered":"<p>[et_pb_section fb_built=\u00bb1&#8243; _builder_version=\u00bb4.20.0&#8243; _module_preset=\u00bbdefault\u00bb background_image=\u00bbhttps:\/\/carmennievesinteriorista.com\/wp-content\/uploads\/2025\/04\/COCINA-DE-NOCHE.png\u00bb transform_scale=\u00bb102%|102%\u00bb transform_translate=\u00bb12px|0px\u00bb transform_translate_linked=\u00bboff\u00bb width=\u00bb100%\u00bb max_width=\u00bb100%\u00bb min_height=\u00bb100px\u00bb height=\u00bb100px\u00bb max_height=\u00bb100px\u00bb custom_padding=\u00bb||346px|||\u00bb global_colors_info=\u00bb{}\u00bb][et_pb_row _builder_version=\u00bb4.20.0&#8243; _module_preset=\u00bbdefault\u00bb transform_translate=\u00bb0px|150px\u00bb transform_translate_linked=\u00bboff\u00bb global_colors_info=\u00bb{}\u00bb][et_pb_column type=\u00bb4_4&#8243; _builder_version=\u00bb4.20.0&#8243; _module_preset=\u00bbdefault\u00bb global_colors_info=\u00bb{}\u00bb][et_pb_text _builder_version=\u00bb4.20.0&#8243; _module_preset=\u00bbdefault\u00bb text_font=\u00bbMontserrat||||||||\u00bb text_text_color=\u00bb#FFFFFF\u00bb text_font_size=\u00bb40px\u00bb global_colors_info=\u00bb{}\u00bb]<\/p>\n<p style=\"text-align: center;\">SOBRE M\u00cd<\/p>\n<p>[\/et_pb_text][\/et_pb_column][\/et_pb_row][\/et_pb_section][et_pb_section fb_built=\u00bb1&#8243; _builder_version=\u00bb4.20.0&#8243; _module_preset=\u00bbdefault\u00bb min_height=\u00bb655.9px\u00bb custom_margin=\u00bb8px|||||\u00bb custom_padding=\u00bb2px||0px|||\u00bb global_colors_info=\u00bb{}\u00bb][et_pb_row column_structure=\u00bb1_2,1_2&#8243; _builder_version=\u00bb4.20.0&#8243; _module_preset=\u00bbdefault\u00bb min_height=\u00bb306.3px\u00bb custom_margin=\u00bb1px|auto|-7px|auto||\u00bb custom_padding=\u00bb||0px|||\u00bb global_colors_info=\u00bb{}\u00bb][et_pb_column type=\u00bb1_2&#8243; _builder_version=\u00bb4.20.0&#8243; _module_preset=\u00bbdefault\u00bb global_colors_info=\u00bb{}\u00bb][et_pb_text _builder_version=\u00bb4.20.0&#8243; _module_preset=\u00bbdefault\u00bb custom_margin=\u00bb55px||1px||false|false\u00bb custom_padding=\u00bb0px||0px||false|false\u00bb global_colors_info=\u00bb{}\u00bb]<\/p>\n<h1>Carmen Nieves Romera Garc\u00eda<\/h1>\n<p>[\/et_pb_text][et_pb_text _builder_version=\u00bb4.20.0&#8243; _module_preset=\u00bbdefault\u00bb custom_margin=\u00bb0px||||false|false\u00bb custom_padding=\u00bb30px||||false|false\u00bb inline_fonts=\u00bbAbhaya Libre\u00bb global_colors_info=\u00bb{}\u00bb]<\/p>\n<p style=\"text-align: justify;\"><span style=\"font-family: inherit; font-weight: normal; color: #000000;\">\u00a1Hola! Me llamo Carmen Nieves y soy de Motril,Granada. Soy t\u00e9cnica en dise\u00f1o y arquitectura de interiores por la instituci\u00f3n Escuela Arte Granada y me encuentro actualmente estudiando un grado en Dise\u00f1o de Interiores en la Escuela Superior de Arte y Dise\u00f1o de Andaluc\u00eda.\u00a0 <\/span><\/p>\n<p style=\"text-align: justify;\"><span style=\"font-family: inherit; font-weight: normal; color: #000000;\">Siempre quise estudiar y trabajar de algo relacionado con el arte, pero no ten\u00eda muy claro el que, asi que decid\u00ed sacarme el bachillerato cient\u00edfico en el instituto IES Jos\u00e9 Mart\u00edn Recuerda. Una vez hecho bachiller decid\u00ed dedicarme al dise\u00f1o de interiores, ya que desde peque\u00f1a me ha gustado mucho decorar mi propia casa.<\/span><\/p>\n<p style=\"text-align: justify;\"><span class=\"OYPEnA font-feature-liga-off font-feature-clig-off font-feature-calt-off text-decoration-none text-strikethrough-none\" style=\"color: #000000;\">Se trabajar con diversos programas como son: AutoCad, Sketchup o Presto; y algunos de adobe como: Photoshop, Indesign o Illustrator.<\/span><\/p>\n<p style=\"text-align: justify;\"><span style=\"font-family: inherit; font-weight: normal; color: #000000;\">Tengo muchas ganas de poder aprender y de demostrar lo que se. \u00bfEst\u00e1s buscando un dise\u00f1o \u00fanico para tu local? \u00bfQuieres darle un nuevo enfoque a tu vivienda? <strong>Est\u00e1s en el lugar correcto.<\/strong><\/span><\/p>\n<p>[\/et_pb_text][\/et_pb_column][et_pb_column type=\u00bb1_2&#8243; _builder_version=\u00bb4.20.0&#8243; _module_preset=\u00bbdefault\u00bb global_colors_info=\u00bb{}\u00bb][et_pb_image src=\u00bbhttps:\/\/carmennievesinteriorista.com\/wp-content\/uploads\/2025\/04\/IMG_0372-scaled.jpg\u00bb title_text=\u00bbIMG_0372&#8243; _builder_version=\u00bb4.20.0&#8243; _module_preset=\u00bbdefault\u00bb transform_scale=\u00bb75%|75%\u00bb transform_scale_linked=\u00bboff\u00bb transform_translate=\u00bb0px|-47px\u00bb transform_translate_linked=\u00bboff\u00bb global_colors_info=\u00bb{}\u00bb][\/et_pb_image][\/et_pb_column][\/et_pb_row][\/et_pb_section][et_pb_section fb_built=\u00bb1&#8243; _builder_version=\u00bb4.20.0&#8243; _module_preset=\u00bbdefault\u00bb custom_margin=\u00bb1px|||||\u00bb custom_padding=\u00bb1px|||||\u00bb global_colors_info=\u00bb{}\u00bb][et_pb_row column_structure=\u00bb1_2,1_2&#8243; _builder_version=\u00bb4.20.0&#8243; _module_preset=\u00bbdefault\u00bb custom_padding=\u00bb0px||2px|||\u00bb global_colors_info=\u00bb{}\u00bb min_height=\u00bb343.4px\u00bb][et_pb_column type=\u00bb1_2&#8243; _builder_version=\u00bb4.20.0&#8243; _module_preset=\u00bbdefault\u00bb global_colors_info=\u00bb{}\u00bb][et_pb_image src=\u00bbhttps:\/\/carmennievesinteriorista.com\/wp-content\/uploads\/2025\/04\/Screenshot_2025-03-19-22-53-27-53_1c337646f29875672b5a61192b9010f9-e1745966638603.jpg\u00bb title_text=\u00bbScreenshot_2025-03-19-22-53-27-53_1c337646f29875672b5a61192b9010f9&#8243; _builder_version=\u00bb4.20.0&#8243; _module_preset=\u00bbdefault\u00bb global_colors_info=\u00bb{}\u00bb][\/et_pb_image][\/et_pb_column][et_pb_column type=\u00bb1_2&#8243; _builder_version=\u00bb4.20.0&#8243; _module_preset=\u00bbdefault\u00bb global_colors_info=\u00bb{}\u00bb][et_pb_text _builder_version=\u00bb4.20.0&#8243; _module_preset=\u00bbdefault\u00bb transform_translate=\u00bb0px|70px\u00bb custom_margin=\u00bb-51px||||false|false\u00bb global_colors_info=\u00bb{}\u00bb]<\/p>\n<p style=\"text-align: justify;\"><span style=\"color: #000000;\">Para mi esta profesi\u00f3n no es solo un trabajo, si no algo que es esencial en el d\u00eda a d\u00eda. Cuando alg\u00fan proyecto encaja de manera funcional y visual, siento que mis ideas est\u00e1n claras y mi mente tranquila, y es el mismo sentimiento que os quiero transmitir. Vengo para que aprendamos juntos el como poder hacer de vuestras viviendas y locales un lugar donde siempre os encontr\u00e9is a gusto. <strong>\u00bfA qu\u00e9 esperas?<\/strong><\/span><\/p>\n<p>&nbsp;<\/p>\n<p>[\/et_pb_text][\/et_pb_column][\/et_pb_row][\/et_pb_section]<\/p>\n","protected":false},"excerpt":{"rendered":"<p>SOBRE M\u00cdCarmen Nieves Romera Garc\u00eda\u00a1Hola! Me llamo Carmen Nieves y soy de Motril,Granada. Soy t\u00e9cnica en dise\u00f1o y arquitectura de interiores por la instituci\u00f3n Escuela Arte Granada y me encuentro actualmente estudiando un grado en Dise\u00f1o de Interiores en la Escuela Superior de Arte y Dise\u00f1o de Andaluc\u00eda.\u00a0 Siempre quise estudiar y trabajar de algo [&hellip;]<\/p>\n","protected":false},"author":54,"featured_media":0,"parent":0,"menu_order":0,"comment_status":"closed","ping_status":"closed","template":"","meta":{"_et_pb_use_builder":"on","_et_pb_old_content":"","_et_gb_content_width":"","footnotes":""},"class_list":["post-366","page","type-page","status-publish","hentry"],"yoast_head":"<!-- This site is optimized with the Yoast SEO plugin v20.6 - https:\/\/yoast.com\/wordpress\/plugins\/seo\/ -->\n<title>Dise\u00f1adoras en Granada - Escuela Arte Granada<\/title>\n<meta name=\"description\" content=\"Soy una chica joven que est\u00e1 empezando con el mundo del interiorismo y las reformas. Juntos podemos hacer muchas innovaciones.\" \/>\n<meta name=\"robots\" content=\"index, follow, max-snippet:-1, max-image-preview:large, max-video-preview:-1\" \/>\n<link rel=\"canonical\" href=\"https:\/\/carmennievesinteriorista.com\/?page_id=366\" \/>\n<meta property=\"og:locale\" content=\"es_ES\" \/>\n<meta property=\"og:type\" content=\"article\" \/>\n<meta property=\"og:title\" content=\"Dise\u00f1adoras en Granada - Escuela Arte Granada\" \/>\n<meta property=\"og:description\" content=\"Soy una chica joven que est\u00e1 empezando con el mundo del interiorismo y las reformas. Juntos podemos hacer muchas innovaciones.\" \/>\n<meta property=\"og:url\" content=\"https:\/\/carmennievesinteriorista.com\/?page_id=366\" \/>\n<meta property=\"og:site_name\" content=\"Carmen Nieves Interiorista\" \/>\n<meta property=\"article:modified_time\" content=\"2025-05-08T12:12:06+00:00\" \/>\n<meta name=\"twitter:card\" content=\"summary_large_image\" \/>\n<meta name=\"twitter:label1\" content=\"Tiempo de lectura\" \/>\n\t<meta name=\"twitter:data1\" content=\"2 minutos\" \/>\n<script type=\"application\/ld+json\" class=\"yoast-schema-graph\">{\"@context\":\"https:\/\/schema.org\",\"@graph\":[{\"@type\":\"WebPage\",\"@id\":\"https:\/\/carmennievesinteriorista.com\/?page_id=366\",\"url\":\"https:\/\/carmennievesinteriorista.com\/?page_id=366\",\"name\":\"Dise\u00f1adoras en Granada - Escuela Arte Granada\",\"isPartOf\":{\"@id\":\"https:\/\/carmennievesinteriorista.com\/#website\"},\"datePublished\":\"2023-05-11T07:20:12+00:00\",\"dateModified\":\"2025-05-08T12:12:06+00:00\",\"description\":\"Soy una chica joven que est\u00e1 empezando con el mundo del interiorismo y las reformas. Juntos podemos hacer muchas innovaciones.\",\"breadcrumb\":{\"@id\":\"https:\/\/carmennievesinteriorista.com\/?page_id=366#breadcrumb\"},\"inLanguage\":\"es\",\"potentialAction\":[{\"@type\":\"ReadAction\",\"target\":[\"https:\/\/carmennievesinteriorista.com\/?page_id=366\"]}]},{\"@type\":\"BreadcrumbList\",\"@id\":\"https:\/\/carmennievesinteriorista.com\/?page_id=366#breadcrumb\",\"itemListElement\":[{\"@type\":\"ListItem\",\"position\":1,\"name\":\"Portada\",\"item\":\"https:\/\/carmennievesinteriorista.com\/\"},{\"@type\":\"ListItem\",\"position\":2,\"name\":\"Sobre m\u00ed\"}]},{\"@type\":\"WebSite\",\"@id\":\"https:\/\/carmennievesinteriorista.com\/#website\",\"url\":\"https:\/\/carmennievesinteriorista.com\/\",\"name\":\"Carmen Nieves Interiorista\",\"description\":\"Interiorista. Reformas y Rehabilitaci\u00f3n de espacios\",\"potentialAction\":[{\"@type\":\"SearchAction\",\"target\":{\"@type\":\"EntryPoint\",\"urlTemplate\":\"https:\/\/carmennievesinteriorista.com\/?s={search_term_string}\"},\"query-input\":\"required name=search_term_string\"}],\"inLanguage\":\"es\"}]}<\/script>\n<!-- \/ Yoast SEO plugin. -->","yoast_head_json":{"title":"Dise\u00f1adoras en Granada - Escuela Arte Granada","description":"Soy una chica joven que est\u00e1 empezando con el mundo del interiorismo y las reformas. Juntos podemos hacer muchas innovaciones.","robots":{"index":"index","follow":"follow","max-snippet":"max-snippet:-1","max-image-preview":"max-image-preview:large","max-video-preview":"max-video-preview:-1"},"canonical":"https:\/\/carmennievesinteriorista.com\/?page_id=366","og_locale":"es_ES","og_type":"article","og_title":"Dise\u00f1adoras en Granada - Escuela Arte Granada","og_description":"Soy una chica joven que est\u00e1 empezando con el mundo del interiorismo y las reformas. Juntos podemos hacer muchas innovaciones.","og_url":"https:\/\/carmennievesinteriorista.com\/?page_id=366","og_site_name":"Carmen Nieves Interiorista","article_modified_time":"2025-05-08T12:12:06+00:00","twitter_card":"summary_large_image","twitter_misc":{"Tiempo de lectura":"2 minutos"},"schema":{"@context":"https:\/\/schema.org","@graph":[{"@type":"WebPage","@id":"https:\/\/carmennievesinteriorista.com\/?page_id=366","url":"https:\/\/carmennievesinteriorista.com\/?page_id=366","name":"Dise\u00f1adoras en Granada - Escuela Arte Granada","isPartOf":{"@id":"https:\/\/carmennievesinteriorista.com\/#website"},"datePublished":"2023-05-11T07:20:12+00:00","dateModified":"2025-05-08T12:12:06+00:00","description":"Soy una chica joven que est\u00e1 empezando con el mundo del interiorismo y las reformas. Juntos podemos hacer muchas innovaciones.","breadcrumb":{"@id":"https:\/\/carmennievesinteriorista.com\/?page_id=366#breadcrumb"},"inLanguage":"es","potentialAction":[{"@type":"ReadAction","target":["https:\/\/carmennievesinteriorista.com\/?page_id=366"]}]},{"@type":"BreadcrumbList","@id":"https:\/\/carmennievesinteriorista.com\/?page_id=366#breadcrumb","itemListElement":[{"@type":"ListItem","position":1,"name":"Portada","item":"https:\/\/carmennievesinteriorista.com\/"},{"@type":"ListItem","position":2,"name":"Sobre m\u00ed"}]},{"@type":"WebSite","@id":"https:\/\/carmennievesinteriorista.com\/#website","url":"https:\/\/carmennievesinteriorista.com\/","name":"Carmen Nieves Interiorista","description":"Interiorista. Reformas y Rehabilitaci\u00f3n de espacios","potentialAction":[{"@type":"SearchAction","target":{"@type":"EntryPoint","urlTemplate":"https:\/\/carmennievesinteriorista.com\/?s={search_term_string}"},"query-input":"required name=search_term_string"}],"inLanguage":"es"}]}},"_links":{"self":[{"href":"https:\/\/carmennievesinteriorista.com\/index.php?rest_route=\/wp\/v2\/pages\/366","targetHints":{"allow":["GET"]}}],"collection":[{"href":"https:\/\/carmennievesinteriorista.com\/index.php?rest_route=\/wp\/v2\/pages"}],"about":[{"href":"https:\/\/carmennievesinteriorista.com\/index.php?rest_route=\/wp\/v2\/types\/page"}],"author":[{"embeddable":true,"href":"https:\/\/carmennievesinteriorista.com\/index.php?rest_route=\/wp\/v2\/users\/54"}],"replies":[{"embeddable":true,"href":"https:\/\/carmennievesinteriorista.com\/index.php?rest_route=%2Fwp%2Fv2%2Fcomments&post=366"}],"version-history":[{"count":15,"href":"https:\/\/carmennievesinteriorista.com\/index.php?rest_route=\/wp\/v2\/pages\/366\/revisions"}],"predecessor-version":[{"id":740,"href":"https:\/\/carmennievesinteriorista.com\/index.php?rest_route=\/wp\/v2\/pages\/366\/revisions\/740"}],"wp:attachment":[{"href":"https:\/\/carmennievesinteriorista.com\/index.php?rest_route=%2Fwp%2Fv2%2Fmedia&parent=366"}],"curies":[{"name":"wp","href":"https:\/\/api.w.org\/{rel}","templated":true}]}}